{"id":32947,"date":"2026-04-12T07:09:07","date_gmt":"2026-04-12T07:09:07","guid":{"rendered":"https:\/\/108giahoa.com\/?post_type=product&#038;p=32947"},"modified":"2026-04-12T07:09:07","modified_gmt":"2026-04-12T07:09:07","slug":"may-ep-bosser-a3-330c","status":"publish","type":"product","link":"https:\/\/108giahoa.com\/?product=may-ep-bosser-a3-330c","title":{"rendered":"M\u00e1y \u00e9p BOSSER A3-330C"},"content":{"rendered":"<p>&#8211; \u00c9p n\u00f3ng, \u00e9p ngu\u1ed9i r\u1ea5t \u0111\u1eb9p<\/p>\n<p><strong><em>&#8211; \u00c9p kh\u1ed5 gi\u1ea5y A3 = 330mm<\/em><\/strong><\/p>\n<p><strong><em>&#8211; Th\u1eddi gian n\u00f3ng nhanh: 3 ph\u00fat<\/em><\/strong><\/p>\n<p><strong><em>&#8211; T\u1ed1c \u0111\u1ed9 \u00e9p nhanh: 600mm\/Ph\u00fat<\/em><\/strong><\/p>\n<p>&#8211; <strong><em>Ch\u1ee9c n\u0103ng tr\u1ea3 ng\u01b0\u1ee3c gi\u1ea5y<\/em><\/strong><\/p>\n<p><strong><em>&#8211; Ch\u1ee9c n\u0103ng \u0111i\u1ec1u ch\u1ec9nh nhi\u1ec7t \u0111\u1ed9<\/em><\/strong><\/p>\n<p>&#8211; <strong><em>4 tr\u1ee5c rul\u00f4 \u00e9p b\u1eb1ng cao su \u0111\u1eb7c bi\u1ec7t si\u00eau b\u1ec1n<\/em><\/strong><\/p>\n<p>&#8211; \u0110\u1ecbnh l\u01b0\u1ee3ng film \u00e9p: 75-250 micron<\/p>\n<p><strong><em>&#8211; Nhi\u1ec7t \u0111\u1ed9 80-180<sup>o<\/sup>C, 560W<\/em><\/strong><\/p>\n<p><strong><em>&#8211; \u0110\u1ed9 d\u00e0y \u00e9p t\u1ed1i \u0111a 1mm<\/em><\/strong><\/p>\n<p>&#8211; Th\u00e2n m\u00e1y b\u1eb1ng kim lo\u1ea1i<\/p>\n<p><strong><em>&#8211; Thi\u1ebft k\u1ebf \u0111\u1eb9p, ch\u1eafc ch\u1eafn, si\u00eau b\u1ec1n<\/em><\/strong><\/p>\n<p>&#8211; Tr\u1ecdng l\u01b0\u1ee3ng: 8.5kg<\/p>\n<p>&#8211; K\u00edch th\u01b0\u1edbc: 550x290x160 mm<\/p>\n","protected":false},"excerpt":{"rendered":"<p>&#8211; \u00c9p n\u00f3ng, \u00e9p ngu\u1ed9i r\u1ea5t \u0111\u1eb9p &#8211; \u00c9p kh\u1ed5 gi\u1ea5y A3 = 330mm &#8211; Th\u1eddi gian n\u00f3ng nhanh: 3<\/p>\n","protected":false},"featured_media":32948,"comment_status":"open","ping_status":"closed","template":"","meta":[],"product_brand":[111],"product_cat":[91],"product_tag":[],"class_list":{"0":"post-32947","1":"product","2":"type-product","3":"status-publish","4":"has-post-thumbnail","6":"product_brand-may-ep","7":"product_cat-thiet-bi-cntt","9":"first","10":"instock","11":"shipping-taxable","12":"product-type-simple"},"_links":{"self":[{"href":"https:\/\/108giahoa.com\/index.php?rest_route=\/wp\/v2\/product\/32947","targetHints":{"allow":["GET"]}}],"collection":[{"href":"https:\/\/108giahoa.com\/index.php?rest_route=\/wp\/v2\/product"}],"about":[{"href":"https:\/\/108giahoa.com\/index.php?rest_route=\/wp\/v2\/types\/product"}],"replies":[{"embeddable":true,"href":"https:\/\/108giahoa.com\/index.php?rest_route=%2Fwp%2Fv2%2Fcomments&post=32947"}],"version-history":[{"count":1,"href":"https:\/\/108giahoa.com\/index.php?rest_route=\/wp\/v2\/product\/32947\/revisions"}],"predecessor-version":[{"id":32949,"href":"https:\/\/108giahoa.com\/index.php?rest_route=\/wp\/v2\/product\/32947\/revisions\/32949"}],"wp:featuredmedia":[{"embeddable":true,"href":"https:\/\/108giahoa.com\/index.php?rest_route=\/wp\/v2\/media\/32948"}],"wp:attachment":[{"href":"https:\/\/108giahoa.com\/index.php?rest_route=%2Fwp%2Fv2%2Fmedia&parent=32947"}],"wp:term":[{"taxonomy":"product_brand","embeddable":true,"href":"https:\/\/108giahoa.com\/index.php?rest_route=%2Fwp%2Fv2%2Fproduct_brand&post=32947"},{"taxonomy":"product_cat","embeddable":true,"href":"https:\/\/108giahoa.com\/index.php?rest_route=%2Fwp%2Fv2%2Fproduct_cat&post=32947"},{"taxonomy":"product_tag","embeddable":true,"href":"https:\/\/108giahoa.com\/index.php?rest_route=%2Fwp%2Fv2%2Fproduct_tag&post=32947"}],"curies":[{"name":"wp","href":"https:\/\/api.w.org\/{rel}","templated":true}]}}