{"id":32974,"date":"2026-04-12T08:12:55","date_gmt":"2026-04-12T08:12:55","guid":{"rendered":"https:\/\/108giahoa.com\/?post_type=product&#038;p=32974"},"modified":"2026-04-12T08:21:01","modified_gmt":"2026-04-12T08:21:01","slug":"may-huy-ziba-pc-pro-30","status":"publish","type":"product","link":"https:\/\/108giahoa.com\/?product=may-huy-ziba-pc-pro-30","title":{"rendered":"M\u00e1y h\u1ee7y ZIBA PC PRO-30\u00a0"},"content":{"rendered":"<p>M\u00e1y h\u1ee7y gi\u1ea5y kh\u1ed5 <strong>A3\/A4<\/strong><\/p>\n<p>Mi\u1ec7ng c\u1eaft 330 mm.<\/p>\n<p>H\u1ee7y v\u1ee5n th\u00e0nh m\u1ea3nh 3.8 x 32 mm(b\u1ea3o m\u1eadt cao).<\/p>\n<p>S\u1ed1 t\u1edd h\u1ee7y(70g): <strong>30-35 t\u1edd.<\/strong><\/p>\n<p>Dao c\u1eaft h\u1ee3p kim Carbon v\u00e0 Vanadium S30V.<\/p>\n<p>T\u1ed1c \u0111\u1ed9 h\u1ee7y: si\u00eau cao 4m\/ ph\u00fat.<\/p>\n<p><strong>Th\u1eddi gian ho\u1ea1t \u0111\u1ed9ng li\u00ean t\u1ee5c(24\/7).<\/strong><\/p>\n<p>V\u1eadt li\u1ec7u h\u1ee7y: Gi\u1ea5y\/CD\/Credit Card\/ Ghim c\u00e0i\/Ghim b\u1ea5m.<\/p>\n<p>C\u00f3 ch\u1ee9c n\u0103ng c\u1ea3nh b\u00e1o r\u00e1c \u0111\u1ea7y. ch\u1ed1ng qu\u00e1 t\u1ea3i, t\u1ef1 \u0111\u1ed9ng nh\u1eadn gi\u1ea5y.<\/p>\n<p>Dung t\u00edch th\u00f9ng ch\u1ee9a: 65 l\u00edt.<\/p>\n<p>B\u00e1nh xe di chuy\u1ec3n ti\u1ec7n l\u1ee3i.<\/p>\n<p>Motor kh\u00f4ng ch\u1ed5i than hi\u1ec7u su\u1ea5t cao.<\/p>\n<p>Ki\u0301ch th\u01b0\u01a1\u0301c: 600 x 470 x 920 mm.<\/p>\n<p>Tro\u0323ng l\u01b0\u01a1\u0323ng 90 kg.<\/p>\n<p><strong>C\u00f4ng ngh\u1ec7 c\u1ee7a \u0110\u1ee9c, s\u1ea3n xu\u1ea5t t\u1ea1i TQ<\/strong><\/p>\n","protected":false},"excerpt":{"rendered":"<p>M\u00e1y h\u1ee7y gi\u1ea5y kh\u1ed5 A3\/A4 Mi\u1ec7ng c\u1eaft 330 mm. H\u1ee7y v\u1ee5n th\u00e0nh m\u1ea3nh 3.8 x 32 mm(b\u1ea3o m\u1eadt cao). S\u1ed1<\/p>\n","protected":false},"featured_media":32975,"comment_status":"open","ping_status":"closed","template":"","meta":[],"product_brand":[112],"product_cat":[91],"product_tag":[],"class_list":{"0":"post-32974","1":"product","2":"type-product","3":"status-publish","4":"has-post-thumbnail","6":"product_brand-may-huy-giay","7":"product_cat-thiet-bi-cntt","9":"first","10":"instock","11":"shipping-taxable","12":"product-type-simple"},"_links":{"self":[{"href":"https:\/\/108giahoa.com\/index.php?rest_route=\/wp\/v2\/product\/32974","targetHints":{"allow":["GET"]}}],"collection":[{"href":"https:\/\/108giahoa.com\/index.php?rest_route=\/wp\/v2\/product"}],"about":[{"href":"https:\/\/108giahoa.com\/index.php?rest_route=\/wp\/v2\/types\/product"}],"replies":[{"embeddable":true,"href":"https:\/\/108giahoa.com\/index.php?rest_route=%2Fwp%2Fv2%2Fcomments&post=32974"}],"version-history":[{"count":1,"href":"https:\/\/108giahoa.com\/index.php?rest_route=\/wp\/v2\/product\/32974\/revisions"}],"predecessor-version":[{"id":32976,"href":"https:\/\/108giahoa.com\/index.php?rest_route=\/wp\/v2\/product\/32974\/revisions\/32976"}],"wp:featuredmedia":[{"embeddable":true,"href":"https:\/\/108giahoa.com\/index.php?rest_route=\/wp\/v2\/media\/32975"}],"wp:attachment":[{"href":"https:\/\/108giahoa.com\/index.php?rest_route=%2Fwp%2Fv2%2Fmedia&parent=32974"}],"wp:term":[{"taxonomy":"product_brand","embeddable":true,"href":"https:\/\/108giahoa.com\/index.php?rest_route=%2Fwp%2Fv2%2Fproduct_brand&post=32974"},{"taxonomy":"product_cat","embeddable":true,"href":"https:\/\/108giahoa.com\/index.php?rest_route=%2Fwp%2Fv2%2Fproduct_cat&post=32974"},{"taxonomy":"product_tag","embeddable":true,"href":"https:\/\/108giahoa.com\/index.php?rest_route=%2Fwp%2Fv2%2Fproduct_tag&post=32974"}],"curies":[{"name":"wp","href":"https:\/\/api.w.org\/{rel}","templated":true}]}}